{"id":257,"date":"2026-04-08T18:44:28","date_gmt":"2026-04-08T17:44:28","guid":{"rendered":"http:\/\/asj.rioancho.com:8081\/?page_id=257"},"modified":"2026-04-08T19:29:53","modified_gmt":"2026-04-08T18:29:53","slug":"inicio","status":"publish","type":"page","link":"https:\/\/agrup-st-jordi.cat\/es","title":{"rendered":"Inicio"},"content":{"rendered":"\n<div class=\"wp-block-columns is-layout-flex wp-container-core-columns-is-layout-28f84493 wp-block-columns-is-layout-flex\">\n<div class=\"wp-block-column is-layout-flow wp-block-column-is-layout-flow\" style=\"flex-basis:33.33%\">\n<figure class=\"wp-block-image size-full\"><img loading=\"lazy\" decoding=\"async\" width=\"215\" height=\"440\" src=\"https:\/\/www.agrup-st-jordi.cat\/wp-content\/uploads\/2016\/02\/SanrJordi.jpg\" alt=\"\" class=\"wp-image-218\" srcset=\"https:\/\/agrup-st-jordi.cat\/wp-content\/uploads\/2016\/02\/SanrJordi.jpg 215w, https:\/\/agrup-st-jordi.cat\/wp-content\/uploads\/2016\/02\/SanrJordi-147x300.jpg 147w, https:\/\/agrup-st-jordi.cat\/wp-content\/uploads\/2016\/02\/SanrJordi-44x90.jpg 44w\" sizes=\"auto, (max-width: 215px) 100vw, 215px\" \/><\/figure>\n<\/div>\n\n\n\n<div class=\"wp-block-column is-layout-flow wp-block-column-is-layout-flow\" style=\"flex-basis:66.66%\">\n<div class=\"wp-block-columns is-layout-flex wp-container-core-columns-is-layout-28f84493 wp-block-columns-is-layout-flex\">\n<div class=\"wp-block-column is-layout-flow wp-block-column-is-layout-flow\" style=\"flex-basis:100%\">\n<h2 data-wp-context---core-fit-text=\"core\/fit-text::{&quot;fontSize&quot;:&quot;&quot;}\" data-wp-init---core-fit-text=\"core\/fit-text::callbacks.init\" data-wp-interactive data-wp-style--font-size=\"core\/fit-text::context.fontSize\" class=\"wp-block-heading has-fit-text line-red\">Somos La Agrupaci\u00f3 Sant Jordi de CatalunyaCaixa<\/h2>\n<\/div>\n<\/div>\n\n\n\n<p>Desde 1965 los empleados de CatalunyaCaixa, ahora BBVA, una vez finalizado nuestro d\u00eda de trabajo, nos organizamos para poder dedicar nuestro tiempo libre para disfrutar de la cultura, el deporte, etc. etc. La Agrupaci\u00f3n fue creada para canalizar todas estas afecciones e intereses comunes, por eso nos dedicamos a fomentar todo tipo de actividades con el objetivo de maximizar en nuestro beneficio el tiempo libre del que disponemos.<\/p>\n\n\n\n<p>Las actividades est\u00e1n organizadas en grupos denominados \u00abVocalias\u00bb, que se encargan de organizar todas las actividades espec\u00edficas, como son: Actividades Culturales; M\u00fasica, Butacas en el Palau de La M\u00fasica \u2013 Auditorio; Teatro, asistencia a las \u00f3peras del Liceo; Conciertos; Pintura y Dibujo; Exposiciones; Astronom\u00eda; Inform\u00e1tica; Viajes, etc. Otras actividades de tipo deportivo, como: Atletismo, F\u00fatbol, \u200b\u200bF\u00fatbol Sala, Tenis, Colonias para ni\u00f1os, Bailes de Sal\u00f3n, Golf, P&amp;P, P\u00e1del, Pesca, N\u00e1utica, Billar, Futbol\u00edn, Ping-Pong, etc. etc.<\/p>\n\n\n\n<p>Para formar parte de la Agrupaci\u00f3n se debe ser empleado, jubilado, o ex empleado de<\/p>\n\n\n\n<p>CatalunyaCaixa,<\/p>\n\n\n\n<p>Caja Tarragona,<\/p>\n\n\n\n<p>Caja Manresa,<\/p>\n\n\n\n<p>BBVA<\/p>\n\n\n\n<p>si bien, nuestros familiares directos (c\u00f3nyuges e hijos) son tambi\u00e9n miembros y pueden disfrutar de las ventajas de pertenecer a nuestra asociaci\u00f3n. Los amigos tambi\u00e9n pueden venir y pasar un buen rato.<\/p>\n\n\n\n<p>Si deseas m\u00e1s informaci\u00f3n o quieres saber m\u00e1s sobre nosotros, por favor env\u00edanos un e-mail a:&nbsp;<a href=\"mailto:secretaria@agrup-st-jordi.org\">secretaria@agrup-st-jordi.org<\/a><\/p>\n<\/div>\n<\/div>\n","protected":false},"excerpt":{"rendered":"<p>Somos La Agrupaci\u00f3 Sant Jordi de CatalunyaCaixa Desde 1965 los empleados de CatalunyaCaixa, ahora BBVA, una vez finalizado nuestro d\u00eda [&hellip;]<\/p>\n","protected":false},"author":1,"featured_media":0,"parent":0,"menu_order":0,"comment_status":"closed","ping_status":"closed","template":"","meta":{"site-sidebar-layout":"default","site-content-layout":"","ast-site-content-layout":"default","site-content-style":"default","site-sidebar-style":"default","ast-global-header-display":"","ast-banner-title-visibility":"","ast-main-header-display":"","ast-hfb-above-header-display":"","ast-hfb-below-header-display":"","ast-hfb-mobile-header-display":"","site-post-title":"disabled","ast-breadcrumbs-content":"","ast-featured-img":"","footer-sml-layout":"","ast-disable-related-posts":"","theme-transparent-header-meta":"","adv-header-id-meta":"","stick-header-meta":"","header-above-stick-meta":"","header-main-stick-meta":"","header-below-stick-meta":"","astra-migrate-meta-layouts":"default","ast-page-background-enabled":"default","ast-page-background-meta":{"desktop":{"background-color":"var(--ast-global-color-5)","background-image":"","background-repeat":"repeat","background-position":"center center","background-size":"auto","background-attachment":"scroll","background-type":"","background-media":"","overlay-type":"","overlay-color":"","overlay-opacity":"","overlay-gradient":""},"tablet":{"background-color":"","background-image":"","background-repeat":"repeat","background-position":"center center","background-size":"auto","background-attachment":"scroll","background-type":"","background-media":"","overlay-type":"","overlay-color":"","overlay-opacity":"","overlay-gradient":""},"mobile":{"background-color":"","background-image":"","background-repeat":"repeat","background-position":"center center","background-size":"auto","background-attachment":"scroll","background-type":"","background-media":"","overlay-type":"","overlay-color":"","overlay-opacity":"","overlay-gradient":""}},"ast-content-background-meta":{"desktop":{"background-color":"var(--ast-global-color-4)","background-image":"","background-repeat":"repeat","background-position":"center center","background-size":"auto","background-attachment":"scroll","background-type":"","background-media":"","overlay-type":"","overlay-color":"","overlay-opacity":"","overlay-gradient":""},"tablet":{"background-color":"var(--ast-global-color-4)","background-image":"","background-repeat":"repeat","background-position":"center center","background-size":"auto","background-attachment":"scroll","background-type":"","background-media":"","overlay-type":"","overlay-color":"","overlay-opacity":"","overlay-gradient":""},"mobile":{"background-color":"var(--ast-global-color-4)","background-image":"","background-repeat":"repeat","background-position":"center center","background-size":"auto","background-attachment":"scroll","background-type":"","background-media":"","overlay-type":"","overlay-color":"","overlay-opacity":"","overlay-gradient":""}},"footnotes":""},"class_list":["post-257","page","type-page","status-publish","hentry"],"_links":{"self":[{"href":"https:\/\/agrup-st-jordi.cat\/es\/wp-json\/wp\/v2\/pages\/257","targetHints":{"allow":["GET"]}}],"collection":[{"href":"https:\/\/agrup-st-jordi.cat\/es\/wp-json\/wp\/v2\/pages"}],"about":[{"href":"https:\/\/agrup-st-jordi.cat\/es\/wp-json\/wp\/v2\/types\/page"}],"author":[{"embeddable":true,"href":"https:\/\/agrup-st-jordi.cat\/es\/wp-json\/wp\/v2\/users\/1"}],"replies":[{"embeddable":true,"href":"https:\/\/agrup-st-jordi.cat\/es\/wp-json\/wp\/v2\/comments?post=257"}],"version-history":[{"count":5,"href":"https:\/\/agrup-st-jordi.cat\/es\/wp-json\/wp\/v2\/pages\/257\/revisions"}],"predecessor-version":[{"id":297,"href":"https:\/\/agrup-st-jordi.cat\/es\/wp-json\/wp\/v2\/pages\/257\/revisions\/297"}],"wp:attachment":[{"href":"https:\/\/agrup-st-jordi.cat\/es\/wp-json\/wp\/v2\/media?parent=257"}],"curies":[{"name":"wp","href":"https:\/\/api.w.org\/{rel}","templated":true}]}}