{"id":110,"date":"2016-03-07T12:03:47","date_gmt":"2016-03-07T11:03:47","guid":{"rendered":"http:\/\/www.agrup-st-jordi.cat\/es\/?page_id=110"},"modified":"2026-04-08T19:20:39","modified_gmt":"2026-04-08T18:20:39","slug":"como-funciona","status":"publish","type":"page","link":"https:\/\/agrup-st-jordi.cat\/es\/como-funciona","title":{"rendered":"\u00bfC\u00f3mo funciona?"},"content":{"rendered":"\n<div class=\"wp-block-media-text is-stacked-on-mobile\"><figure class=\"wp-block-media-text__media\"><img loading=\"lazy\" decoding=\"async\" width=\"1024\" height=\"557\" src=\"https:\/\/www.agrup-st-jordi.cat\/wp-content\/uploads\/2016\/02\/festival-1024x557.jpg\" alt=\"\" class=\"wp-image-208 size-full\" srcset=\"https:\/\/agrup-st-jordi.cat\/wp-content\/uploads\/2016\/02\/festival-1024x557.jpg 1024w, https:\/\/agrup-st-jordi.cat\/wp-content\/uploads\/2016\/02\/festival-300x163.jpg 300w, https:\/\/agrup-st-jordi.cat\/wp-content\/uploads\/2016\/02\/festival-768x418.jpg 768w, https:\/\/agrup-st-jordi.cat\/wp-content\/uploads\/2016\/02\/festival-940x511.jpg 940w, https:\/\/agrup-st-jordi.cat\/wp-content\/uploads\/2016\/02\/festival-460x250.jpg 460w, https:\/\/agrup-st-jordi.cat\/wp-content\/uploads\/2016\/02\/festival-600x326.jpg 600w, https:\/\/agrup-st-jordi.cat\/wp-content\/uploads\/2016\/02\/festival-120x65.jpg 120w, https:\/\/agrup-st-jordi.cat\/wp-content\/uploads\/2016\/02\/festival-680x370.jpg 680w, https:\/\/agrup-st-jordi.cat\/wp-content\/uploads\/2016\/02\/festival.jpg 1702w\" sizes=\"auto, (max-width: 1024px) 100vw, 1024px\" \/><\/figure><div class=\"wp-block-media-text__content\">\n<p>Cada d\u00eda puedes ver las circulares de actividades que publicamos en la web, donde se convoca a los aficionados a apuntarse a las actividades que se proponen, clicando la circular ver\u00e1s las caracter\u00edsticas y en la parte superior izquierda ver\u00e1s una pesta\u00f1a que dice \u00abCirculares\u00bb, donde puedes apuntarte.<\/p>\n\n\n\n<p>Si no encuentras ninguna circular vigente de la actividad que quieras hacer, puedes dirigirte al Vocal correspondiente y proponerle que organice esta actividad, tambi\u00e9n le puedes mostrar tu inter\u00e9s en organizarla, si no obtienes la respuesta que esperas puedes dirigirte directamente a la Secretar\u00eda de la Agrupaci\u00f3n, por mail o tel\u00e9fono, proponi\u00e9ndola.&nbsp;<a href=\"mailto:secretaria@agrup-st-jordi.org\">secretaria@agrup-st-jordi.org<\/a><\/p>\n<\/div><\/div>\n\n\n\n<p><\/p>\n","protected":false},"excerpt":{"rendered":"<p>Cada d\u00eda puedes ver las circulares de actividades que publicamos en la web, donde se convoca a los aficionados a [&hellip;]<\/p>\n","protected":false},"author":1,"featured_media":0,"parent":0,"menu_order":30,"comment_status":"closed","ping_status":"closed","template":"","meta":{"site-sidebar-layout":"default","site-content-layout":"","ast-site-content-layout":"default","site-content-style":"default","site-sidebar-style":"default","ast-global-header-display":"","ast-banner-title-visibility":"","ast-main-header-display":"","ast-hfb-above-header-display":"","ast-hfb-below-header-display":"","ast-hfb-mobile-header-display":"","site-post-title":"","ast-breadcrumbs-content":"","ast-featured-img":"","footer-sml-layout":"","ast-disable-related-posts":"","theme-transparent-header-meta":"","adv-header-id-meta":"","stick-header-meta":"","header-above-stick-meta":"","header-main-stick-meta":"","header-below-stick-meta":"","astra-migrate-meta-layouts":"default","ast-page-background-enabled":"default","ast-page-background-meta":{"desktop":{"background-color":"var(--ast-global-color-5)","background-image":"","background-repeat":"repeat","background-position":"center center","background-size":"auto","background-attachment":"scroll","background-type":"","background-media":"","overlay-type":"","overlay-color":"","overlay-opacity":"","overlay-gradient":""},"tablet":{"background-color":"","background-image":"","background-repeat":"repeat","background-position":"center center","background-size":"auto","background-attachment":"scroll","background-type":"","background-media":"","overlay-type":"","overlay-color":"","overlay-opacity":"","overlay-gradient":""},"mobile":{"background-color":"","background-image":"","background-repeat":"repeat","background-position":"center center","background-size":"auto","background-attachment":"scroll","background-type":"","background-media":"","overlay-type":"","overlay-color":"","overlay-opacity":"","overlay-gradient":""}},"ast-content-background-meta":{"desktop":{"background-color":"var(--ast-global-color-4)","background-image":"","background-repeat":"repeat","background-position":"center center","background-size":"auto","background-attachment":"scroll","background-type":"","background-media":"","overlay-type":"","overlay-color":"","overlay-opacity":"","overlay-gradient":""},"tablet":{"background-color":"var(--ast-global-color-4)","background-image":"","background-repeat":"repeat","background-position":"center center","background-size":"auto","background-attachment":"scroll","background-type":"","background-media":"","overlay-type":"","overlay-color":"","overlay-opacity":"","overlay-gradient":""},"mobile":{"background-color":"var(--ast-global-color-4)","background-image":"","background-repeat":"repeat","background-position":"center center","background-size":"auto","background-attachment":"scroll","background-type":"","background-media":"","overlay-type":"","overlay-color":"","overlay-opacity":"","overlay-gradient":""}},"footnotes":""},"class_list":["post-110","page","type-page","status-publish","hentry"],"_links":{"self":[{"href":"https:\/\/agrup-st-jordi.cat\/es\/wp-json\/wp\/v2\/pages\/110","targetHints":{"allow":["GET"]}}],"collection":[{"href":"https:\/\/agrup-st-jordi.cat\/es\/wp-json\/wp\/v2\/pages"}],"about":[{"href":"https:\/\/agrup-st-jordi.cat\/es\/wp-json\/wp\/v2\/types\/page"}],"author":[{"embeddable":true,"href":"https:\/\/agrup-st-jordi.cat\/es\/wp-json\/wp\/v2\/users\/1"}],"replies":[{"embeddable":true,"href":"https:\/\/agrup-st-jordi.cat\/es\/wp-json\/wp\/v2\/comments?post=110"}],"version-history":[{"count":6,"href":"https:\/\/agrup-st-jordi.cat\/es\/wp-json\/wp\/v2\/pages\/110\/revisions"}],"predecessor-version":[{"id":285,"href":"https:\/\/agrup-st-jordi.cat\/es\/wp-json\/wp\/v2\/pages\/110\/revisions\/285"}],"wp:attachment":[{"href":"https:\/\/agrup-st-jordi.cat\/es\/wp-json\/wp\/v2\/media?parent=110"}],"curies":[{"name":"wp","href":"https:\/\/api.w.org\/{rel}","templated":true}]}}