{"id":104,"date":"2016-02-29T11:56:07","date_gmt":"2016-02-29T11:56:07","guid":{"rendered":"http:\/\/www.agrup-st-jordi.cat\/es\/que-fem"},"modified":"2026-04-16T12:59:08","modified_gmt":"2026-04-16T11:59:08","slug":"que-hacemos","status":"publish","type":"page","link":"https:\/\/agrup-st-jordi.cat\/es\/que-hacemos","title":{"rendered":"\u00bfQu\u00e9 hacemos?"},"content":{"rendered":"<h3>Principales actividades que hacemos<img loading=\"lazy\" decoding=\"async\" class=\"alignright wp-image-151 size-full\" src=\"https:\/\/www.agrup-st-jordi.cat\/wp-content\/uploads\/2016\/02\/ASJDomino.jpg\" alt=\"ASJDomino\" width=\"275\" height=\"300\" srcset=\"https:\/\/agrup-st-jordi.cat\/wp-content\/uploads\/2016\/02\/ASJDomino.jpg 275w, https:\/\/agrup-st-jordi.cat\/wp-content\/uploads\/2016\/02\/ASJDomino-83x90.jpg 83w\" sizes=\"auto, (max-width: 275px) 100vw, 275px\" \/><\/h3>\n<ul>\n<li>Actividades subacu\u00e1ticas (cursillos y salidas con embarcaci\u00f3n propia).<\/li>\n<li>Ajedrez (tableros y relojes, campeonatos sociales e intersociales).<\/li>\n<li>Astronom\u00eda (telescopio de uso gratuito).<\/li>\n<li>Atletismo (informaci\u00f3n calendario de las carreras).<\/li>\n<li>Baile de sal\u00f3n y rock.<\/li>\n<li>Baloncesto masculino y femenino (entrenamientos con el equipo \u00absenior\u00bb).<\/li>\n<li>Bicicleta de monta\u00f1a.<\/li>\n<li>Billar (mesa y accesorios en nuestro local).<\/li>\n<li>Coleccionismo de placas de cava.<\/li>\n<li>Colonias (para ni\u00f1os y adolescentes).<\/li>\n<li>Cursillos culturales y formativos.<\/li>\n<li>Club de Nataci\u00f3n Barcelona: cursillos de windsurf, catamaran y optimist.<\/li>\n<li>Dibujo y pintura (aula y material para pintar, con profesora).<\/li>\n<li>Domin\u00f3 (campeonato social y de Sant Jordi)<\/li>\n<li>Embarcaci\u00f3n propia para salidas colectivas de actividades subacu\u00e1ticas y de pesca, as\u00ed como individuales, con el t\u00edtulo de Patr\u00f3n de Embarcaciones Deportivas como m\u00ednimo.<\/li>\n<li>Esqu\u00ed (cursillos y campeonatos sociales e intercajas).<\/li>\n<li>Esqu\u00ed de monta\u00f1a (actividad perteneciente al monta\u00f1ismo).<\/li>\n<li>Fotograf\u00eda (cursillos, concursos).<\/li>\n<li>Front\u00f3n (campeonato social).<\/li>\n<li>F\u00fatbol (entrenamientos semanales, cada martes, en el C.D. Sant Gabriel, campeonatos sociales y intercajas nacional e internacional).<\/li>\n<li>F\u00fatbol sala (equipos con campeonato de liga propio, de copa y intercajas o participante en campeonatos en la Comunidad de Madrid).<\/li>\n<li>Futbol\u00edn (en el local de l\u2019Agrupaci\u00f3).<\/li>\n<li>Golf (campeonatos social y intercajas).<\/li>\n<li>Inform\u00e1tica (aula y siete equipos PC, cursillos de iniciaci\u00f3n y monogr\u00e1ficos con Word, Multimedia, Windows, Fotoshop, p\u00e1ginas Web y de Internet y los de \u00faltima actualidad para que poder estar a la \u00faltima).<\/li>\n<li>Karting.<\/li>\n<li>Monta\u00f1a (salidas en grupo).<\/li>\n<li>Mus.<\/li>\n<li>M\u00fasica (de solfeo y piano, entradas a l\u2019Auditori, al Liceu durante la temporada).<\/li>\n<li>N\u00e1utica (cursillos permanentes para titulaciones de patrones de embarcaciones, usufructo de nuestra embarcaci\u00f3n, situada en Matar\u00f3, pr\u00e1cticas, etc.).<\/li>\n<li>Padel.<\/li>\n<li>Pesca (salidas colectivas con nuestra embarcaci\u00f3n).<\/li>\n<li>Pilates.<\/li>\n<li>Pitch &amp;Putt<\/li>\n<li>Squash (cursillos y campeonatos).<\/li>\n<li>Tenis (ranking, campeonatos sociales permanentes y intersociales, cursillos de aprendizaje y de perfeccionamiento).<\/li>\n<li>Tenis de mesa (mesa y accesorios en nuestro local).<\/li>\n<li>Tiro al plato.<\/li>\n<li>Tiro ol\u00edmpico.<\/li>\n<\/ul>\n<h3>Otras actividadess y servicios<img loading=\"lazy\" decoding=\"async\" class=\"wp-image-163 size-full alignright\" src=\"https:\/\/www.agrup-st-jordi.cat\/wp-content\/uploads\/2016\/02\/Reis.jpg\" alt=\"\" width=\"300\" height=\"181\" srcset=\"https:\/\/agrup-st-jordi.cat\/wp-content\/uploads\/2016\/02\/Reis.jpg 300w, https:\/\/agrup-st-jordi.cat\/wp-content\/uploads\/2016\/02\/Reis-120x72.jpg 120w\" sizes=\"auto, (max-width: 300px) 100vw, 300px\" \/><\/h3>\n<ul>\n<li><b>Navidad y Reyes:<\/b> Actividades propias de estas fechas como son:\n<ul>\n<li>Oferta de diferentes productos propios de esta \u00e9poca a trav\u00e9s de las circulares.<\/li>\n<li>Loter\u00eda de Navidad.<\/li>\n<\/ul>\n<\/li>\n<\/ul>\n<ul>\n<li style=\"list-style-type: none;\">\n<ul>\n<li><b>Setmana de Sant Jordi:<\/b>\n<ul>\n<li>Exposici\u00f3n de los trabajos de dibujo y pintura<\/li>\n<\/ul>\n<\/li>\n<li><b> VODAFONE<\/b>\u00a0(Altas nuevas, Portabilidades, Reparaciones, Pase de particular\/Prepago a ASJ, etc.)\n<ul>\n<li>Descuentos y ventajas importantes. Ver circulares vigentes en la web.<\/li>\n<li>Ahorro con los tel\u00e9fonos de alta respecto a los comprados en tiendas normales.<\/li>\n<\/ul>\n<\/li>\n<li><b>ORANGE<\/b> (, Portabilidades, Reparaciones, Pase de particular\/Prepago a ASJ, etc.)\n<ul>\n<li>Descuentos y ventajas importantes. Ver circulares vigentes en la web.<\/li>\n<li>Ahorro con los tel\u00e9fonos de alta respecto a los comprados en tiendas normales.<\/li>\n<\/ul>\n<\/li>\n<li><b>MOVISTAR\u00a0 <\/b>(Altas nuevas, Portabilidades, Reparaciones, Pase de particular\/Prepago a ASJ, etc.)\n<ul>\n<li>Descuentos y ventajas importantes. Ver circulares vigentes en la web.<\/li>\n<li>Ahorro con los tel\u00e9fonos de alta respecto a los comprados en tiendas normales.<\/li>\n<\/ul>\n<\/li>\n<li><b>ADSL-TELEF\u00d2NICA <\/b>ADSL DE MOVISTAR: Seguimos con la oferta y con las actualizaciones oportunas e incorporamos miMOVISTAR con pago compartido. Todos los que tenga FIBRA \u00d3PTICA. ADSL FUSION etc.., con Movistar se puede pasar a la Agrupaci\u00f3n y pagar menos. Consulta c\u00f3mo hacerlo a trav\u00e9s del email: secretaria@agrup-st-jordi.org<\/li>\n<li><b>VODAFONE FIBRA ONO DE 50MB<\/b>\n<ul>\n<li>Tarifa Plana ilimitada de llamadas (fijos+m\u00f3viles)<\/li>\n<li>Router e instalaci\u00f3n gratuita<\/li>\n<li>Servicio post-venta CORPORATE (24hx365) gratuito.<\/li>\n<\/ul>\n<\/li>\n<li><b>COMPA\u00d1\u00cdAS EL\u00c9CTRICAS:<\/b> Este a\u00f1o hemos llegado a acuerdos con dos compa\u00f1\u00edas el\u00e9ctricas Catalanas para aplicar descuentos en la factura de la luz. Se trata de <strong>Factorenergia y de Esfera Luz,<\/strong> esta \u00faltima, es una nueva comercializadora que compra la energ\u00eda \u00fanicamente en plantas solares fotovoltaicas, fomentando el consumo de energ\u00edas renovables en nuestra ciudad o barrio.<\/li>\n<li>Seguro m\u00e9dico con Asistencia Sanitaria Colegial (S\u00f3lo para Catalunya) y DKV.<\/li>\n<li>\u00abFinestral\u00bb(ventanal) de ofertas y demandas, para ofrecer o vender lo que se quiera, pero de tipo particular.<\/li>\n<li><b>MAKRO:<\/b> Se recuerda que la Agrupaci\u00f3n Sant Jordi dispone de 4 carn\u00e9s que podemos dejar para ir a hacer una compra puntualmente a los almacenes MAKRO. El titular de estas tarjetas es la propia Agrupaci\u00f3n. Si las necesit\u00e1is para ir de compras, os las podemos enviar y, una vez hecha la compra, ser\u00e1n devueltos a nuestra Secretar\u00eda para poder reenviar a alg\u00fan otro compa\u00f1ero que le hagan falta.<\/li>\n<li><b>Tarjeta CEPSA,<\/b> ver circulares vigentes en la web.<\/li>\n<li>Ofertas comerciales: Verbenas y Navidad, de cavas y vinos, as\u00ed como otras puntuales.<\/li>\n<li>Ofertas de productos inform\u00e1ticos y otros directamente del mayorista.<\/li>\n<li>Revistas a las que estamos suscritos: OCU-Compra Maestra, OCU-Dinero y Derechos, Tribuna de ASTRONOM\u00cdA y ocasionalmente, la de ACRECA mediante rela cual recibimos informaci\u00f3n de las actividades y campeonatos intercajas.<\/li>\n<li>Seminarios de Fiscal.<\/li>\n<li>Viajes: Semana Santa i otros, durante el a\u00f1o, por Espa\u00f1a o al extranjero.<\/li>\n<li>V\u00eddeo: Cesi\u00f3n a muy bajo coste de cuatro equipos de filmaci\u00f3n y de la sala Miratge de la Agrupaci\u00f3 gratuitamente para poder proyectar vuestras pel\u00edculas a vuestros familiares y amigos.<\/li>\n<\/ul>\n<\/li>\n<\/ul>\n<p><img loading=\"lazy\" decoding=\"async\" class=\"size-medium wp-image-157 alignright\" src=\"https:\/\/www.agrup-st-jordi.cat\/wp-content\/uploads\/2016\/03\/ComFuncionaBar-300x163.jpg\" alt=\"Agrupaci\u00f3 Sant Jordi\" width=\"300\" height=\"163\" srcset=\"https:\/\/agrup-st-jordi.cat\/wp-content\/uploads\/2016\/03\/ComFuncionaBar-300x163.jpg 300w, https:\/\/agrup-st-jordi.cat\/wp-content\/uploads\/2016\/03\/ComFuncionaBar-460x250.jpg 460w, https:\/\/agrup-st-jordi.cat\/wp-content\/uploads\/2016\/03\/ComFuncionaBar-600x326.jpg 600w, https:\/\/agrup-st-jordi.cat\/wp-content\/uploads\/2016\/03\/ComFuncionaBar-120x65.jpg 120w, https:\/\/agrup-st-jordi.cat\/wp-content\/uploads\/2016\/03\/ComFuncionaBar.jpg 680w\" sizes=\"auto, (max-width: 300px) 100vw, 300px\" \/><\/p>\n<ul>\n<li>Bar y TV.<\/li>\n<li>En cada comarca se realizan actividades que gestiona el vocal al que podr\u00e1 dirigirse para cualquier iniciativa o consulta. Los vocales se podr\u00e1n consultar en la opci\u00f3n \u00bf<a href=\"https:\/\/www.agrup-st-jordi.cat\/es\/quien-lo-hace\">Qui\u00e9n lo hace<\/a>? de la p\u00e1gina web.<\/li>\n<li>Aplicamos una cuota de socio anual que pasamos en 2 tramos, uno en febrero y otro en julio.<\/li>\n<\/ul>\n<h3>Entrad en nuestra web<\/h3>\n<p>Puede ver las circulares espec\u00edficas entrando en la Web Agrupaci\u00f3 St. Jordi <a href=\"https:\/\/www.agrup-st-jordi.cat\">www.agrup-st-jordi.cat<\/a> \u00f2 .org . desde tu trabajo, desde casa o desde tu Smartphone o Tablet.<\/p>\n<p>Una vez dentro de la web, pod\u00e9is encontrar la circular deseada por el buscador escogiendo las <i>Circulares en periodo de inscripci\u00f3n<\/i> o <i>Todas<\/i> o la opci\u00f3n que os interese de esta casilla desplegable y poniendo cualquier palabra contenida en el t\u00edtulo de la circular que busqu\u00e9is en la siguiente casilla (por ejemplo, golf para ver todas las circulares de golf o Vodafone para ver las de telefon\u00eda Vodafone).<\/p>\n","protected":false},"excerpt":{"rendered":"<p>Principales actividades que hacemos Actividades subacu\u00e1ticas (cursillos y salidas con embarcaci\u00f3n propia). Ajedrez (tableros y relojes, campeonatos sociales e intersociales). [&hellip;]<\/p>\n","protected":false},"author":1,"featured_media":0,"parent":0,"menu_order":20,"comment_status":"closed","ping_status":"closed","template":"","meta":{"site-sidebar-layout":"default","site-content-layout":"","ast-site-content-layout":"default","site-content-style":"default","site-sidebar-style":"default","ast-global-header-display":"","ast-banner-title-visibility":"","ast-main-header-display":"","ast-hfb-above-header-display":"","ast-hfb-below-header-display":"","ast-hfb-mobile-header-display":"","site-post-title":"","ast-breadcrumbs-content":"","ast-featured-img":"","footer-sml-layout":"","ast-disable-related-posts":"","theme-transparent-header-meta":"","adv-header-id-meta":"","stick-header-meta":"","header-above-stick-meta":"","header-main-stick-meta":"","header-below-stick-meta":"","astra-migrate-meta-layouts":"default","ast-page-background-enabled":"default","ast-page-background-meta":{"desktop":{"background-color":"var(--ast-global-color-5)","background-image":"","background-repeat":"repeat","background-position":"center center","background-size":"auto","background-attachment":"scroll","background-type":"","background-media":"","overlay-type":"","overlay-color":"","overlay-opacity":"","overlay-gradient":""},"tablet":{"background-color":"","background-image":"","background-repeat":"repeat","background-position":"center center","background-size":"auto","background-attachment":"scroll","background-type":"","background-media":"","overlay-type":"","overlay-color":"","overlay-opacity":"","overlay-gradient":""},"mobile":{"background-color":"","background-image":"","background-repeat":"repeat","background-position":"center center","background-size":"auto","background-attachment":"scroll","background-type":"","background-media":"","overlay-type":"","overlay-color":"","overlay-opacity":"","overlay-gradient":""}},"ast-content-background-meta":{"desktop":{"background-color":"var(--ast-global-color-4)","background-image":"","background-repeat":"repeat","background-position":"center center","background-size":"auto","background-attachment":"scroll","background-type":"","background-media":"","overlay-type":"","overlay-color":"","overlay-opacity":"","overlay-gradient":""},"tablet":{"background-color":"var(--ast-global-color-4)","background-image":"","background-repeat":"repeat","background-position":"center center","background-size":"auto","background-attachment":"scroll","background-type":"","background-media":"","overlay-type":"","overlay-color":"","overlay-opacity":"","overlay-gradient":""},"mobile":{"background-color":"var(--ast-global-color-4)","background-image":"","background-repeat":"repeat","background-position":"center center","background-size":"auto","background-attachment":"scroll","background-type":"","background-media":"","overlay-type":"","overlay-color":"","overlay-opacity":"","overlay-gradient":""}},"footnotes":""},"class_list":["post-104","page","type-page","status-publish","hentry"],"_links":{"self":[{"href":"https:\/\/agrup-st-jordi.cat\/es\/wp-json\/wp\/v2\/pages\/104","targetHints":{"allow":["GET"]}}],"collection":[{"href":"https:\/\/agrup-st-jordi.cat\/es\/wp-json\/wp\/v2\/pages"}],"about":[{"href":"https:\/\/agrup-st-jordi.cat\/es\/wp-json\/wp\/v2\/types\/page"}],"author":[{"embeddable":true,"href":"https:\/\/agrup-st-jordi.cat\/es\/wp-json\/wp\/v2\/users\/1"}],"replies":[{"embeddable":true,"href":"https:\/\/agrup-st-jordi.cat\/es\/wp-json\/wp\/v2\/comments?post=104"}],"version-history":[{"count":20,"href":"https:\/\/agrup-st-jordi.cat\/es\/wp-json\/wp\/v2\/pages\/104\/revisions"}],"predecessor-version":[{"id":322,"href":"https:\/\/agrup-st-jordi.cat\/es\/wp-json\/wp\/v2\/pages\/104\/revisions\/322"}],"wp:attachment":[{"href":"https:\/\/agrup-st-jordi.cat\/es\/wp-json\/wp\/v2\/media?parent=104"}],"curies":[{"name":"wp","href":"https:\/\/api.w.org\/{rel}","templated":true}]}}